{"id":24,"date":"2016-02-12T08:13:06","date_gmt":"2016-02-12T08:13:06","guid":{"rendered":"http:\/\/demos.famethemes.com\/onepress\/?page_id=24"},"modified":"2020-01-03T17:00:16","modified_gmt":"2020-01-03T16:00:16","slug":"selbermacher","status":"publish","type":"page","link":"https:\/\/exit32.de\/wp\/selbermacher\/","title":{"rendered":"f\u00fcr Agenturen, Messebauer und andere Selbermacher"},"content":{"rendered":"<p>Wir verarbeiten Ihre selbst erstellten Dateien. Der Profi-Check vor der Verarbeitung ist bei uns selbstverst\u00e4ndlich und f\u00fcr Sie kostenlos.<\/p>\n<h4>Korrekturen und Anpassungen<\/h4>\n<p>Falls Sie eventuelle Korrekturen an den Dateien nicht selbst vornehmen k\u00f6nnen, erledigen wir das gerne f\u00fcr Sie. Wir helfen aber auch beim Anpassen des Formats, veredeln Ihr Layout oder wandeln Ihre Daten f\u00fcr den Druck in unserem Hause korrekt um.<\/p>\n<h4>Welches Programm\u00a0verwenden\u00a0Sie?<\/h4>\n<p>Wir verarbeiten Dateien aus allen g\u00e4ngigen Satz-, Layout-, Grafik- oder Bildbearbeitungsprogrammen.<br \/>\nFalls Sie \u201enur\u201c Word- Excel- oder Powerpoint-Dateien haben \u2013 kein Problem. Wir konvertieren Ihre gelieferten Daten.<\/p>\n<h4>Aufbau einer Druckdatei<\/h4>\n<ul>\n<li>Beim Anlegen des Motivs achten Sie darauf, erst 5 cm vom Rand des Endformates wesentliche Informationen &#8211; wie z.B. Logos oder \u00dcberschriften &#8211; zu platzieren.<\/li>\n<li>Bitte dem Endformat umlaufend 1 cm Beschnitt zugeben.<\/li>\n<li>Eine Aufl\u00f6sung von 100 dpi sollte bei Pixel-Bildern (z.B. jpg oder tif) &#8211; angelegt im Ma\u00dfstab 1:1 &#8211; nicht unterschritten werden.<\/li>\n<li>Speichern Sie ein Pixel-Bild immer mit einem ICC-Profil ab. F\u00fcr RGB-Bilder verwenden Sie &#8220;eci-RGB&#8221; oder &#8220;Adobe-RGB&#8221;, f\u00fcr CMYK-Bilder &#8220;ISO coated V2&#8221; oder &#8220;Fogra 39&#8221;.<\/li>\n<li>Die Daten m\u00fcssen auf die Hintergrundebene reduziert werden und d\u00fcrfen weder Alphakan\u00e4le noch Beschneidungspfade enthalten.<\/li>\n<li>Wandeln Sie alle verwendeten Schriften einer Vektor-Datei (z.B. in Illustrator oder Corel Draw) vor dem finalen erstellen einer PDF-Datei in Pfade um.<\/li>\n<li>Verwenden Sie ohne vorherige Absprache keine Sonder- oder Schmuckfarben (z.B. Pantone- oder HKS-Farben).<\/li>\n<li>Achten Sie darauf, dass beim erstellen der finalen Druckdatei keine Druckermarken (wie z.B. Schnitt- und Passermarken, Farbkontrollstreifen oder sonstige Seiteninformationen) im Dokument gespeichert werden.<\/li>\n<\/ul>\n<h4>Datentransfer<\/h4>\n<p>Dateien bis ca. 20 MB Gr\u00f6\u00dfe senden Sie uns als Anhang per E-Mail. Bei gr\u00f6\u00dferen Datenmengen verwenden Sie unseren Datei-Upload, den Sie mit Ihrem Web-Browser \u00f6ffnen. Sie erhalten von uns Zugangsdaten.<\/p>\n<h4>Wiederverk\u00e4ufer<\/h4>\n<p>Als Wiederverk\u00e4ufer erhalten Sie bei uns Rabatt auf alle Erzeugnisse.<\/p>\n","protected":false},"excerpt":{"rendered":"<p>Wir verarbeiten Ihre selbst erstellten Dateien &#8211; inkl. kostenlosem Profi-Check [mehr]<\/p>\n","protected":false},"author":1,"featured_media":0,"parent":0,"menu_order":0,"comment_status":"closed","ping_status":"closed","template":"template-fullwidth.php","meta":[],"_links":{"self":[{"href":"https:\/\/exit32.de\/wp\/wp-json\/wp\/v2\/pages\/24"}],"collection":[{"href":"https:\/\/exit32.de\/wp\/wp-json\/wp\/v2\/pages"}],"about":[{"href":"https:\/\/exit32.de\/wp\/wp-json\/wp\/v2\/types\/page"}],"author":[{"embeddable":true,"href":"https:\/\/exit32.de\/wp\/wp-json\/wp\/v2\/users\/1"}],"replies":[{"embeddable":true,"href":"https:\/\/exit32.de\/wp\/wp-json\/wp\/v2\/comments?post=24"}],"version-history":[{"count":11,"href":"https:\/\/exit32.de\/wp\/wp-json\/wp\/v2\/pages\/24\/revisions"}],"predecessor-version":[{"id":2341,"href":"https:\/\/exit32.de\/wp\/wp-json\/wp\/v2\/pages\/24\/revisions\/2341"}],"wp:attachment":[{"href":"https:\/\/exit32.de\/wp\/wp-json\/wp\/v2\/media?parent=24"}],"curies":[{"name":"wp","href":"https:\/\/api.w.org\/{rel}","templated":true}]}}